{"id":141,"date":"2022-04-22T07:33:02","date_gmt":"2022-04-22T07:33:02","guid":{"rendered":"https:\/\/domaine-reine-margot.accorv2prod.decms.eu\/spa\/massages-et-soins\/"},"modified":"2026-03-11T11:12:36","modified_gmt":"2026-03-11T11:12:36","slug":"massages-and-treatments","status":"publish","type":"page","link":"https:\/\/www.domainereinemargot.com\/en\/spa\/massages-and-treatments\/","title":{"rendered":"Massages and Treatments"},"content":{"rendered":"<p style=\"text-align: center\">Our only priority is your wellbeing. Come to the Domaine Reine Margot Paris Issy &#8211; MGallery Collection and enter a world of comfort and tranquillity, an invitation to rest and relaxation.<\/p>\n","protected":false},"excerpt":{"rendered":"<p>Our only priority is your wellbeing. Come to the Domaine Reine Margot Paris Issy &#8211; MGallery Collection and enter a world of comfort and tranquillity, an invitation to rest and relaxation.<\/p>\n","protected":false},"author":30,"featured_media":1484,"parent":138,"menu_order":40,"comment_status":"closed","ping_status":"closed","template":"template-spa.php","meta":{"footnotes":""},"categories":[],"class_list":["post-141","page","type-page","status-publish","has-post-thumbnail","hentry"],"acf":[],"yoast_head":"<!-- This site is optimized with the Yoast SEO plugin v26.9 - https:\/\/yoast.com\/product\/yoast-seo-wordpress\/ -->\n<title>Soins &amp; Massages - Domaine Reine Margot Paris Issy-MGallery Collection<\/title>\n<meta name=\"description\" content=\"Sentez-vous comme une reine gr\u00e2ce aux massages et soins bien-\u00eatre du Domaine Reine Margot Paris Issy-MGallery Collection, \u00e0 Issy-Les-Moulineaux.\" \/>\n<meta name=\"robots\" content=\"index, follow, max-snippet:-1, max-image-preview:large, max-video-preview:-1\" \/>\n<link rel=\"canonical\" href=\"https:\/\/www.domainereinemargot.com\/en\/spa\/massages-and-treatments\/\" \/>\n<meta property=\"og:locale\" content=\"en_US\" \/>\n<meta property=\"og:type\" content=\"article\" \/>\n<meta property=\"og:title\" content=\"Soins &amp; Massages - Domaine Reine Margot Paris Issy-MGallery Collection\" \/>\n<meta property=\"og:description\" content=\"Sentez-vous comme une reine gr\u00e2ce aux massages et soins bien-\u00eatre du Domaine Reine Margot Paris Issy-MGallery Collection, \u00e0 Issy-Les-Moulineaux.\" \/>\n<meta property=\"og:url\" content=\"https:\/\/www.domainereinemargot.com\/en\/spa\/massages-and-treatments\/\" \/>\n<meta property=\"og:site_name\" content=\"Domaine de la Reine Margot MGallery\" \/>\n<meta property=\"article:modified_time\" content=\"2026-03-11T11:12:36+00:00\" \/>\n<meta property=\"og:image\" content=\"https:\/\/www.domainereinemargot.com\/wp-content\/uploads\/sites\/14\/2024\/11\/Capture-decran-2024-11-08-a-15.46.48-1024x630.png\" \/>\n\t<meta property=\"og:image:width\" content=\"1024\" \/>\n\t<meta property=\"og:image:height\" content=\"630\" \/>\n\t<meta property=\"og:image:type\" content=\"image\/png\" \/>\n<meta name=\"twitter:card\" content=\"summary_large_image\" \/>\n<meta name=\"twitter:label1\" content=\"Est. reading time\" \/>\n\t<meta name=\"twitter:data1\" content=\"1 minute\" \/>\n<script type=\"application\/ld+json\" class=\"yoast-schema-graph\">{\"@context\":\"https:\/\/schema.org\",\"@graph\":[{\"@type\":\"WebPage\",\"@id\":\"https:\/\/www.domainereinemargot.com\/en\/spa\/massages-and-treatments\/\",\"url\":\"https:\/\/www.domainereinemargot.com\/en\/spa\/massages-and-treatments\/\",\"name\":\"Soins & Massages - Domaine Reine Margot Paris Issy-MGallery Collection\",\"isPartOf\":{\"@id\":\"https:\/\/www.domainereinemargot.com\/#website\"},\"primaryImageOfPage\":{\"@id\":\"https:\/\/www.domainereinemargot.com\/en\/spa\/massages-and-treatments\/#primaryimage\"},\"image\":{\"@id\":\"https:\/\/www.domainereinemargot.com\/en\/spa\/massages-and-treatments\/#primaryimage\"},\"thumbnailUrl\":\"https:\/\/www.domainereinemargot.com\/wp-content\/uploads\/sites\/14\/2024\/11\/Capture-decran-2024-11-08-a-15.46.48.png\",\"datePublished\":\"2022-04-22T07:33:02+00:00\",\"dateModified\":\"2026-03-11T11:12:36+00:00\",\"description\":\"Sentez-vous comme une reine gr\u00e2ce aux massages et soins bien-\u00eatre du Domaine Reine Margot Paris Issy-MGallery Collection, \u00e0 Issy-Les-Moulineaux.\",\"breadcrumb\":{\"@id\":\"https:\/\/www.domainereinemargot.com\/en\/spa\/massages-and-treatments\/#breadcrumb\"},\"inLanguage\":\"en-US\",\"potentialAction\":[{\"@type\":\"ReadAction\",\"target\":[\"https:\/\/www.domainereinemargot.com\/en\/spa\/massages-and-treatments\/\"]}]},{\"@type\":\"ImageObject\",\"inLanguage\":\"en-US\",\"@id\":\"https:\/\/www.domainereinemargot.com\/en\/spa\/massages-and-treatments\/#primaryimage\",\"url\":\"https:\/\/www.domainereinemargot.com\/wp-content\/uploads\/sites\/14\/2024\/11\/Capture-decran-2024-11-08-a-15.46.48.png\",\"contentUrl\":\"https:\/\/www.domainereinemargot.com\/wp-content\/uploads\/sites\/14\/2024\/11\/Capture-decran-2024-11-08-a-15.46.48.png\",\"width\":2492,\"height\":1532},{\"@type\":\"BreadcrumbList\",\"@id\":\"https:\/\/www.domainereinemargot.com\/en\/spa\/massages-and-treatments\/#breadcrumb\",\"itemListElement\":[{\"@type\":\"ListItem\",\"position\":1,\"name\":\"Home\",\"item\":\"https:\/\/www.domainereinemargot.com\/en\/\"},{\"@type\":\"ListItem\",\"position\":2,\"name\":\"Spa Le Refuge de Margot\",\"item\":\"https:\/\/www.domainereinemargot.com\/en\/spa\/\"},{\"@type\":\"ListItem\",\"position\":3,\"name\":\"Massages and Treatments\"}]},{\"@type\":\"WebSite\",\"@id\":\"https:\/\/www.domainereinemargot.com\/#website\",\"url\":\"https:\/\/www.domainereinemargot.com\/\",\"name\":\"Domaine de la Reine Margot MGallery\",\"description\":\"Just another D-Edge Accor V2 Sites Hosting site\",\"potentialAction\":[{\"@type\":\"SearchAction\",\"target\":{\"@type\":\"EntryPoint\",\"urlTemplate\":\"https:\/\/www.domainereinemargot.com\/?s={search_term_string}\"},\"query-input\":{\"@type\":\"PropertyValueSpecification\",\"valueRequired\":true,\"valueName\":\"search_term_string\"}}],\"inLanguage\":\"en-US\"}]}<\/script>\n<!-- \/ Yoast SEO plugin. -->","yoast_head_json":{"title":"Soins & Massages - Domaine Reine Margot Paris Issy-MGallery Collection","description":"Sentez-vous comme une reine gr\u00e2ce aux massages et soins bien-\u00eatre du Domaine Reine Margot Paris Issy-MGallery Collection, \u00e0 Issy-Les-Moulineaux.","robots":{"index":"index","follow":"follow","max-snippet":"max-snippet:-1","max-image-preview":"max-image-preview:large","max-video-preview":"max-video-preview:-1"},"canonical":"https:\/\/www.domainereinemargot.com\/en\/spa\/massages-and-treatments\/","og_locale":"en_US","og_type":"article","og_title":"Soins & Massages - Domaine Reine Margot Paris Issy-MGallery Collection","og_description":"Sentez-vous comme une reine gr\u00e2ce aux massages et soins bien-\u00eatre du Domaine Reine Margot Paris Issy-MGallery Collection, \u00e0 Issy-Les-Moulineaux.","og_url":"https:\/\/www.domainereinemargot.com\/en\/spa\/massages-and-treatments\/","og_site_name":"Domaine de la Reine Margot MGallery","article_modified_time":"2026-03-11T11:12:36+00:00","og_image":[{"width":1024,"height":630,"url":"https:\/\/www.domainereinemargot.com\/wp-content\/uploads\/sites\/14\/2024\/11\/Capture-decran-2024-11-08-a-15.46.48-1024x630.png","type":"image\/png"}],"twitter_card":"summary_large_image","twitter_misc":{"Est. reading time":"1 minute"},"schema":{"@context":"https:\/\/schema.org","@graph":[{"@type":"WebPage","@id":"https:\/\/www.domainereinemargot.com\/en\/spa\/massages-and-treatments\/","url":"https:\/\/www.domainereinemargot.com\/en\/spa\/massages-and-treatments\/","name":"Soins & Massages - Domaine Reine Margot Paris Issy-MGallery Collection","isPartOf":{"@id":"https:\/\/www.domainereinemargot.com\/#website"},"primaryImageOfPage":{"@id":"https:\/\/www.domainereinemargot.com\/en\/spa\/massages-and-treatments\/#primaryimage"},"image":{"@id":"https:\/\/www.domainereinemargot.com\/en\/spa\/massages-and-treatments\/#primaryimage"},"thumbnailUrl":"https:\/\/www.domainereinemargot.com\/wp-content\/uploads\/sites\/14\/2024\/11\/Capture-decran-2024-11-08-a-15.46.48.png","datePublished":"2022-04-22T07:33:02+00:00","dateModified":"2026-03-11T11:12:36+00:00","description":"Sentez-vous comme une reine gr\u00e2ce aux massages et soins bien-\u00eatre du Domaine Reine Margot Paris Issy-MGallery Collection, \u00e0 Issy-Les-Moulineaux.","breadcrumb":{"@id":"https:\/\/www.domainereinemargot.com\/en\/spa\/massages-and-treatments\/#breadcrumb"},"inLanguage":"en-US","potentialAction":[{"@type":"ReadAction","target":["https:\/\/www.domainereinemargot.com\/en\/spa\/massages-and-treatments\/"]}]},{"@type":"ImageObject","inLanguage":"en-US","@id":"https:\/\/www.domainereinemargot.com\/en\/spa\/massages-and-treatments\/#primaryimage","url":"https:\/\/www.domainereinemargot.com\/wp-content\/uploads\/sites\/14\/2024\/11\/Capture-decran-2024-11-08-a-15.46.48.png","contentUrl":"https:\/\/www.domainereinemargot.com\/wp-content\/uploads\/sites\/14\/2024\/11\/Capture-decran-2024-11-08-a-15.46.48.png","width":2492,"height":1532},{"@type":"BreadcrumbList","@id":"https:\/\/www.domainereinemargot.com\/en\/spa\/massages-and-treatments\/#breadcrumb","itemListElement":[{"@type":"ListItem","position":1,"name":"Home","item":"https:\/\/www.domainereinemargot.com\/en\/"},{"@type":"ListItem","position":2,"name":"Spa Le Refuge de Margot","item":"https:\/\/www.domainereinemargot.com\/en\/spa\/"},{"@type":"ListItem","position":3,"name":"Massages and Treatments"}]},{"@type":"WebSite","@id":"https:\/\/www.domainereinemargot.com\/#website","url":"https:\/\/www.domainereinemargot.com\/","name":"Domaine de la Reine Margot MGallery","description":"Just another D-Edge Accor V2 Sites Hosting site","potentialAction":[{"@type":"SearchAction","target":{"@type":"EntryPoint","urlTemplate":"https:\/\/www.domainereinemargot.com\/?s={search_term_string}"},"query-input":{"@type":"PropertyValueSpecification","valueRequired":true,"valueName":"search_term_string"}}],"inLanguage":"en-US"}]}},"_links":{"self":[{"href":"https:\/\/www.domainereinemargot.com\/en\/wp-json\/wp\/v2\/pages\/141","targetHints":{"allow":["GET"]}}],"collection":[{"href":"https:\/\/www.domainereinemargot.com\/en\/wp-json\/wp\/v2\/pages"}],"about":[{"href":"https:\/\/www.domainereinemargot.com\/en\/wp-json\/wp\/v2\/types\/page"}],"author":[{"embeddable":true,"href":"https:\/\/www.domainereinemargot.com\/en\/wp-json\/wp\/v2\/users\/30"}],"replies":[{"embeddable":true,"href":"https:\/\/www.domainereinemargot.com\/en\/wp-json\/wp\/v2\/comments?post=141"}],"version-history":[{"count":2,"href":"https:\/\/www.domainereinemargot.com\/en\/wp-json\/wp\/v2\/pages\/141\/revisions"}],"predecessor-version":[{"id":1933,"href":"https:\/\/www.domainereinemargot.com\/en\/wp-json\/wp\/v2\/pages\/141\/revisions\/1933"}],"up":[{"embeddable":true,"href":"https:\/\/www.domainereinemargot.com\/en\/wp-json\/wp\/v2\/pages\/138"}],"wp:featuredmedia":[{"embeddable":true,"href":"https:\/\/www.domainereinemargot.com\/en\/wp-json\/wp\/v2\/media\/1484"}],"wp:attachment":[{"href":"https:\/\/www.domainereinemargot.com\/en\/wp-json\/wp\/v2\/media?parent=141"}],"wp:term":[{"taxonomy":"category","embeddable":true,"href":"https:\/\/www.domainereinemargot.com\/en\/wp-json\/wp\/v2\/categories?post=141"}],"curies":[{"name":"wp","href":"https:\/\/api.w.org\/{rel}","templated":true}]}}