{"id":138,"date":"2022-04-22T06:51:47","date_gmt":"2022-04-22T06:51:47","guid":{"rendered":"https:\/\/domaine-reine-margot.accorv2prod.decms.eu\/spa\/"},"modified":"2026-01-15T14:53:48","modified_gmt":"2026-01-15T14:53:48","slug":"spa","status":"publish","type":"page","link":"https:\/\/www.domainereinemargot.com\/en\/spa\/","title":{"rendered":"Spa Le Refuge de Margot"},"content":{"rendered":"<p>Staying at Domaine Reine Margot means offering your body and mind a moment of well-being in a regal setting. Whether between business meetings or for a weekend getaway, treat yourself to a refreshing break: soothing massages, purifying hammam sessions, expert treatments, yoga classes, or a relaxing swim\u2026 the spa caters to all your relaxation desires.<\/p>\n<ul>\n<li>Hotel guests have access to the pool, hammam, and sauna daily from 7 a.m. to 10 p.m.* To ensure spa access during your stay, please reserve your one-hour slot in advance.<\/li>\n<li>Children are also welcome to enjoy the facilities daily from 7 a.m. to 3 p.m.<\/li>\n<li>External guests can access the spa for an additional fee with a reservation from 10 a.m. to 7 p.m.<\/li>\n<li>The spa is open for treatments from 10 a.m. to 7 p.m.<\/li>\n<\/ul>\n<p>*subject to availability.<\/p>\n<script src=\"https:\/\/www.menumodo.com\/app.php\/menumodo_widget\/get\/1?outlet_id=11387&amp;lang=en&amp;designID=d-mgal4\" data-item_id=\"11387\" data-display_mode=\"4\" data-widget_type=\"8\" data-params=\"{&quot;lightbox&quot;:{&quot;customlinkType&quot;:&quot;1&quot;,&quot;linktext&quot;:&quot;View Menu&quot;}}\" id=\"menumodo-widget-1\" data-source_tags=\"h\" async> <\/script>\n","protected":false},"excerpt":{"rendered":"<p>Staying at Domaine Reine Margot means offering your body and mind a moment of well-being in a regal setting. Whether between business meetings or for a weekend getaway, treat yourself to a refreshing break: soothing massages, purifying hammam sessions, expert treatments, yoga classes, or a relaxing swim\u2026 the spa caters to all your relaxation desires. [&hellip;]<\/p>\n","protected":false},"author":30,"featured_media":1449,"parent":0,"menu_order":64,"comment_status":"closed","ping_status":"closed","template":"template-spa.php","meta":{"footnotes":""},"categories":[],"class_list":["post-138","page","type-page","status-publish","has-post-thumbnail","hentry"],"acf":[],"yoast_head":"<!-- This site is optimized with the Yoast SEO plugin v26.9 - https:\/\/yoast.com\/product\/yoast-seo-wordpress\/ -->\n<title>H\u00f4tel Spa \u00e0 Issy-Les-Moulineaux - Domaine Reine Margot Paris-Issy MGallery Collection<\/title>\n<meta name=\"description\" content=\"Spa, salle de fitness, piscine et h\u00f4tel 5 \u00e9toiles \u00e0 Issy-Les-Moulineaux : offrez-vous une parenth\u00e8se de bien-\u00eatre au Domaine Reine Margot Paris Issy-MGallery Collection.\" \/>\n<meta name=\"robots\" content=\"index, follow, max-snippet:-1, max-image-preview:large, max-video-preview:-1\" \/>\n<link rel=\"canonical\" href=\"https:\/\/www.domainereinemargot.com\/en\/spa\/\" \/>\n<meta property=\"og:locale\" content=\"en_US\" \/>\n<meta property=\"og:type\" content=\"article\" \/>\n<meta property=\"og:title\" content=\"H\u00f4tel Spa \u00e0 Issy-Les-Moulineaux - Domaine Reine Margot Paris-Issy MGallery Collection\" \/>\n<meta property=\"og:description\" content=\"Spa, salle de fitness, piscine et h\u00f4tel 5 \u00e9toiles \u00e0 Issy-Les-Moulineaux : offrez-vous une parenth\u00e8se de bien-\u00eatre au Domaine Reine Margot Paris Issy-MGallery Collection.\" \/>\n<meta property=\"og:url\" content=\"https:\/\/www.domainereinemargot.com\/en\/spa\/\" \/>\n<meta property=\"og:site_name\" content=\"Domaine de la Reine Margot MGallery\" \/>\n<meta property=\"article:modified_time\" content=\"2026-01-15T14:53:48+00:00\" \/>\n<meta property=\"og:image\" content=\"https:\/\/www.domainereinemargot.com\/wp-content\/uploads\/sites\/14\/2024\/10\/Reine_Margot_10_2024_3963_FA.jpg\" \/>\n\t<meta property=\"og:image:width\" content=\"2560\" \/>\n\t<meta property=\"og:image:height\" content=\"1440\" \/>\n\t<meta property=\"og:image:type\" content=\"image\/jpeg\" \/>\n<meta name=\"twitter:card\" content=\"summary_large_image\" \/>\n<meta name=\"twitter:label1\" content=\"Est. reading time\" \/>\n\t<meta name=\"twitter:data1\" content=\"1 minute\" \/>\n<script type=\"application\/ld+json\" class=\"yoast-schema-graph\">{\"@context\":\"https:\/\/schema.org\",\"@graph\":[{\"@type\":\"WebPage\",\"@id\":\"https:\/\/www.domainereinemargot.com\/en\/spa\/\",\"url\":\"https:\/\/www.domainereinemargot.com\/en\/spa\/\",\"name\":\"H\u00f4tel Spa \u00e0 Issy-Les-Moulineaux - Domaine Reine Margot Paris-Issy MGallery Collection\",\"isPartOf\":{\"@id\":\"https:\/\/www.domainereinemargot.com\/#website\"},\"primaryImageOfPage\":{\"@id\":\"https:\/\/www.domainereinemargot.com\/en\/spa\/#primaryimage\"},\"image\":{\"@id\":\"https:\/\/www.domainereinemargot.com\/en\/spa\/#primaryimage\"},\"thumbnailUrl\":\"https:\/\/www.domainereinemargot.com\/wp-content\/uploads\/sites\/14\/2024\/10\/Reine_Margot_10_2024_3963_FA.jpg\",\"datePublished\":\"2022-04-22T06:51:47+00:00\",\"dateModified\":\"2026-01-15T14:53:48+00:00\",\"description\":\"Spa, salle de fitness, piscine et h\u00f4tel 5 \u00e9toiles \u00e0 Issy-Les-Moulineaux : offrez-vous une parenth\u00e8se de bien-\u00eatre au Domaine Reine Margot Paris Issy-MGallery Collection.\",\"breadcrumb\":{\"@id\":\"https:\/\/www.domainereinemargot.com\/en\/spa\/#breadcrumb\"},\"inLanguage\":\"en-US\",\"potentialAction\":[{\"@type\":\"ReadAction\",\"target\":[\"https:\/\/www.domainereinemargot.com\/en\/spa\/\"]}]},{\"@type\":\"ImageObject\",\"inLanguage\":\"en-US\",\"@id\":\"https:\/\/www.domainereinemargot.com\/en\/spa\/#primaryimage\",\"url\":\"https:\/\/www.domainereinemargot.com\/wp-content\/uploads\/sites\/14\/2024\/10\/Reine_Margot_10_2024_3963_FA.jpg\",\"contentUrl\":\"https:\/\/www.domainereinemargot.com\/wp-content\/uploads\/sites\/14\/2024\/10\/Reine_Margot_10_2024_3963_FA.jpg\",\"width\":2560,\"height\":1440},{\"@type\":\"BreadcrumbList\",\"@id\":\"https:\/\/www.domainereinemargot.com\/en\/spa\/#breadcrumb\",\"itemListElement\":[{\"@type\":\"ListItem\",\"position\":1,\"name\":\"Home\",\"item\":\"https:\/\/www.domainereinemargot.com\/en\/\"},{\"@type\":\"ListItem\",\"position\":2,\"name\":\"Spa Le Refuge de Margot\"}]},{\"@type\":\"WebSite\",\"@id\":\"https:\/\/www.domainereinemargot.com\/#website\",\"url\":\"https:\/\/www.domainereinemargot.com\/\",\"name\":\"Domaine de la Reine Margot MGallery\",\"description\":\"Just another D-Edge Accor V2 Sites Hosting site\",\"potentialAction\":[{\"@type\":\"SearchAction\",\"target\":{\"@type\":\"EntryPoint\",\"urlTemplate\":\"https:\/\/www.domainereinemargot.com\/?s={search_term_string}\"},\"query-input\":{\"@type\":\"PropertyValueSpecification\",\"valueRequired\":true,\"valueName\":\"search_term_string\"}}],\"inLanguage\":\"en-US\"}]}<\/script>\n<!-- \/ Yoast SEO plugin. -->","yoast_head_json":{"title":"H\u00f4tel Spa \u00e0 Issy-Les-Moulineaux - Domaine Reine Margot Paris-Issy MGallery Collection","description":"Spa, salle de fitness, piscine et h\u00f4tel 5 \u00e9toiles \u00e0 Issy-Les-Moulineaux : offrez-vous une parenth\u00e8se de bien-\u00eatre au Domaine Reine Margot Paris Issy-MGallery Collection.","robots":{"index":"index","follow":"follow","max-snippet":"max-snippet:-1","max-image-preview":"max-image-preview:large","max-video-preview":"max-video-preview:-1"},"canonical":"https:\/\/www.domainereinemargot.com\/en\/spa\/","og_locale":"en_US","og_type":"article","og_title":"H\u00f4tel Spa \u00e0 Issy-Les-Moulineaux - Domaine Reine Margot Paris-Issy MGallery Collection","og_description":"Spa, salle de fitness, piscine et h\u00f4tel 5 \u00e9toiles \u00e0 Issy-Les-Moulineaux : offrez-vous une parenth\u00e8se de bien-\u00eatre au Domaine Reine Margot Paris Issy-MGallery Collection.","og_url":"https:\/\/www.domainereinemargot.com\/en\/spa\/","og_site_name":"Domaine de la Reine Margot MGallery","article_modified_time":"2026-01-15T14:53:48+00:00","og_image":[{"width":2560,"height":1440,"url":"https:\/\/www.domainereinemargot.com\/wp-content\/uploads\/sites\/14\/2024\/10\/Reine_Margot_10_2024_3963_FA.jpg","type":"image\/jpeg"}],"twitter_card":"summary_large_image","twitter_misc":{"Est. reading time":"1 minute"},"schema":{"@context":"https:\/\/schema.org","@graph":[{"@type":"WebPage","@id":"https:\/\/www.domainereinemargot.com\/en\/spa\/","url":"https:\/\/www.domainereinemargot.com\/en\/spa\/","name":"H\u00f4tel Spa \u00e0 Issy-Les-Moulineaux - Domaine Reine Margot Paris-Issy MGallery Collection","isPartOf":{"@id":"https:\/\/www.domainereinemargot.com\/#website"},"primaryImageOfPage":{"@id":"https:\/\/www.domainereinemargot.com\/en\/spa\/#primaryimage"},"image":{"@id":"https:\/\/www.domainereinemargot.com\/en\/spa\/#primaryimage"},"thumbnailUrl":"https:\/\/www.domainereinemargot.com\/wp-content\/uploads\/sites\/14\/2024\/10\/Reine_Margot_10_2024_3963_FA.jpg","datePublished":"2022-04-22T06:51:47+00:00","dateModified":"2026-01-15T14:53:48+00:00","description":"Spa, salle de fitness, piscine et h\u00f4tel 5 \u00e9toiles \u00e0 Issy-Les-Moulineaux : offrez-vous une parenth\u00e8se de bien-\u00eatre au Domaine Reine Margot Paris Issy-MGallery Collection.","breadcrumb":{"@id":"https:\/\/www.domainereinemargot.com\/en\/spa\/#breadcrumb"},"inLanguage":"en-US","potentialAction":[{"@type":"ReadAction","target":["https:\/\/www.domainereinemargot.com\/en\/spa\/"]}]},{"@type":"ImageObject","inLanguage":"en-US","@id":"https:\/\/www.domainereinemargot.com\/en\/spa\/#primaryimage","url":"https:\/\/www.domainereinemargot.com\/wp-content\/uploads\/sites\/14\/2024\/10\/Reine_Margot_10_2024_3963_FA.jpg","contentUrl":"https:\/\/www.domainereinemargot.com\/wp-content\/uploads\/sites\/14\/2024\/10\/Reine_Margot_10_2024_3963_FA.jpg","width":2560,"height":1440},{"@type":"BreadcrumbList","@id":"https:\/\/www.domainereinemargot.com\/en\/spa\/#breadcrumb","itemListElement":[{"@type":"ListItem","position":1,"name":"Home","item":"https:\/\/www.domainereinemargot.com\/en\/"},{"@type":"ListItem","position":2,"name":"Spa Le Refuge de Margot"}]},{"@type":"WebSite","@id":"https:\/\/www.domainereinemargot.com\/#website","url":"https:\/\/www.domainereinemargot.com\/","name":"Domaine de la Reine Margot MGallery","description":"Just another D-Edge Accor V2 Sites Hosting site","potentialAction":[{"@type":"SearchAction","target":{"@type":"EntryPoint","urlTemplate":"https:\/\/www.domainereinemargot.com\/?s={search_term_string}"},"query-input":{"@type":"PropertyValueSpecification","valueRequired":true,"valueName":"search_term_string"}}],"inLanguage":"en-US"}]}},"_links":{"self":[{"href":"https:\/\/www.domainereinemargot.com\/en\/wp-json\/wp\/v2\/pages\/138","targetHints":{"allow":["GET"]}}],"collection":[{"href":"https:\/\/www.domainereinemargot.com\/en\/wp-json\/wp\/v2\/pages"}],"about":[{"href":"https:\/\/www.domainereinemargot.com\/en\/wp-json\/wp\/v2\/types\/page"}],"author":[{"embeddable":true,"href":"https:\/\/www.domainereinemargot.com\/en\/wp-json\/wp\/v2\/users\/30"}],"replies":[{"embeddable":true,"href":"https:\/\/www.domainereinemargot.com\/en\/wp-json\/wp\/v2\/comments?post=138"}],"version-history":[{"count":0,"href":"https:\/\/www.domainereinemargot.com\/en\/wp-json\/wp\/v2\/pages\/138\/revisions"}],"wp:featuredmedia":[{"embeddable":true,"href":"https:\/\/www.domainereinemargot.com\/en\/wp-json\/wp\/v2\/media\/1449"}],"wp:attachment":[{"href":"https:\/\/www.domainereinemargot.com\/en\/wp-json\/wp\/v2\/media?parent=138"}],"wp:term":[{"taxonomy":"category","embeddable":true,"href":"https:\/\/www.domainereinemargot.com\/en\/wp-json\/wp\/v2\/categories?post=138"}],"curies":[{"name":"wp","href":"https:\/\/api.w.org\/{rel}","templated":true}]}}