{"id":123,"date":"2022-04-21T13:29:26","date_gmt":"2022-04-21T13:29:26","guid":{"rendered":"https:\/\/domaine-reine-margot.accorv2prod.decms.eu\/sechapper-hors-du-temps\/"},"modified":"2026-04-08T07:54:19","modified_gmt":"2026-04-08T07:54:19","slug":"sechapper-hors-du-temps","status":"publish","type":"page","link":"https:\/\/www.domainereinemargot.com\/en\/","title":{"rendered":"A haven of peace and tranquility"},"content":{"rendered":"<p style=\"text-align: center\">In a bucolic setting a short distance from the hustle and bustle of Paris, immerse yourself in the soothing, historic atmosphere of the Domaine Reine Margot Paris Issy &#8211; MGallery Collection. Unwind in the comfort of your room or suite. Enjoy an interlude of wellbeing and culinary pleasure in our most Parisian country home.<\/p>\n<p>&nbsp;<\/p>\n<p style=\"text-align: center\"><strong>V\u00e9ronique STALPORT<\/strong><br \/>\nGeneral Manager<\/p>\n","protected":false},"excerpt":{"rendered":"<p>In a bucolic setting a short distance from the hustle and bustle of Paris, immerse yourself in the soothing, historic atmosphere of the Domaine Reine Margot Paris Issy &#8211; MGallery Collection. Unwind in the comfort of your room or suite. Enjoy an interlude of wellbeing and culinary pleasure in our most Parisian country home. &nbsp; [&hellip;]<\/p>\n","protected":false},"author":30,"featured_media":351,"parent":0,"menu_order":0,"comment_status":"closed","ping_status":"closed","template":"","meta":{"footnotes":""},"categories":[2],"class_list":["post-123","page","type-page","status-publish","has-post-thumbnail","hentry","category-uncategorized"],"acf":[],"yoast_head":"<!-- This site is optimized with the Yoast SEO plugin v26.9 - https:\/\/yoast.com\/product\/yoast-seo-wordpress\/ -->\n<title>Domaine Reine Margot Paris Issy-MGallery Collection Hotel<\/title>\n<meta name=\"description\" content=\"Notre h\u00f4tel 5 \u00e9toiles est un \u00e9crin de verdure \u00e0 Issy-les-Moulineaux. Savourez un calme insoup\u00e7onn\u00e9 aux portes de Paris dans cette luxueuse demeure.\" \/>\n<meta name=\"robots\" content=\"index, follow, max-snippet:-1, max-image-preview:large, max-video-preview:-1\" \/>\n<link rel=\"canonical\" href=\"https:\/\/www.domainereinemargot.com\/en\/\" \/>\n<meta property=\"og:locale\" content=\"en_US\" \/>\n<meta property=\"og:type\" content=\"article\" \/>\n<meta property=\"og:title\" content=\"Domaine Reine Margot Paris Issy-MGallery Collection Hotel\" \/>\n<meta property=\"og:description\" content=\"Notre h\u00f4tel 5 \u00e9toiles est un \u00e9crin de verdure \u00e0 Issy-les-Moulineaux. Savourez un calme insoup\u00e7onn\u00e9 aux portes de Paris dans cette luxueuse demeure.\" \/>\n<meta property=\"og:url\" content=\"https:\/\/www.domainereinemargot.com\/en\/\" \/>\n<meta property=\"og:site_name\" content=\"Domaine de la Reine Margot MGallery\" \/>\n<meta property=\"article:modified_time\" content=\"2026-04-08T07:54:19+00:00\" \/>\n<meta property=\"og:image\" content=\"https:\/\/www.domainereinemargot.com\/wp-content\/uploads\/sites\/14\/2023\/10\/RR_DJI_0374-e1704210275179.jpg\" \/>\n\t<meta property=\"og:image:width\" content=\"1207\" \/>\n\t<meta property=\"og:image:height\" content=\"1812\" \/>\n\t<meta property=\"og:image:type\" content=\"image\/jpeg\" \/>\n<meta name=\"twitter:card\" content=\"summary_large_image\" \/>\n<meta name=\"twitter:label1\" content=\"Est. reading time\" \/>\n\t<meta name=\"twitter:data1\" content=\"1 minute\" \/>\n<script type=\"application\/ld+json\" class=\"yoast-schema-graph\">{\"@context\":\"https:\/\/schema.org\",\"@graph\":[{\"@type\":\"WebPage\",\"@id\":\"https:\/\/www.domainereinemargot.com\/en\/\",\"url\":\"https:\/\/www.domainereinemargot.com\/en\/\",\"name\":\"Domaine Reine Margot Paris Issy-MGallery Collection Hotel\",\"isPartOf\":{\"@id\":\"https:\/\/www.domainereinemargot.com\/#website\"},\"primaryImageOfPage\":{\"@id\":\"https:\/\/www.domainereinemargot.com\/en\/#primaryimage\"},\"image\":{\"@id\":\"https:\/\/www.domainereinemargot.com\/en\/#primaryimage\"},\"thumbnailUrl\":\"https:\/\/www.domainereinemargot.com\/wp-content\/uploads\/sites\/14\/2023\/10\/RR_DJI_0374-e1704210275179.jpg\",\"datePublished\":\"2022-04-21T13:29:26+00:00\",\"dateModified\":\"2026-04-08T07:54:19+00:00\",\"description\":\"Notre h\u00f4tel 5 \u00e9toiles est un \u00e9crin de verdure \u00e0 Issy-les-Moulineaux. Savourez un calme insoup\u00e7onn\u00e9 aux portes de Paris dans cette luxueuse demeure.\",\"breadcrumb\":{\"@id\":\"https:\/\/www.domainereinemargot.com\/en\/#breadcrumb\"},\"inLanguage\":\"en-US\",\"potentialAction\":[{\"@type\":\"ReadAction\",\"target\":[\"https:\/\/www.domainereinemargot.com\/en\/\"]}]},{\"@type\":\"ImageObject\",\"inLanguage\":\"en-US\",\"@id\":\"https:\/\/www.domainereinemargot.com\/en\/#primaryimage\",\"url\":\"https:\/\/www.domainereinemargot.com\/wp-content\/uploads\/sites\/14\/2023\/10\/RR_DJI_0374-e1704210275179.jpg\",\"contentUrl\":\"https:\/\/www.domainereinemargot.com\/wp-content\/uploads\/sites\/14\/2023\/10\/RR_DJI_0374-e1704210275179.jpg\",\"width\":1207,\"height\":1812},{\"@type\":\"BreadcrumbList\",\"@id\":\"https:\/\/www.domainereinemargot.com\/en\/#breadcrumb\",\"itemListElement\":[{\"@type\":\"ListItem\",\"position\":1,\"name\":\"Home\",\"item\":\"https:\/\/www.domainereinemargot.com\/en\/\"},{\"@type\":\"ListItem\",\"position\":2,\"name\":\"A haven of peace and tranquility\"}]},{\"@type\":\"WebSite\",\"@id\":\"https:\/\/www.domainereinemargot.com\/#website\",\"url\":\"https:\/\/www.domainereinemargot.com\/\",\"name\":\"Domaine de la Reine Margot MGallery\",\"description\":\"Just another D-Edge Accor V2 Sites Hosting site\",\"potentialAction\":[{\"@type\":\"SearchAction\",\"target\":{\"@type\":\"EntryPoint\",\"urlTemplate\":\"https:\/\/www.domainereinemargot.com\/?s={search_term_string}\"},\"query-input\":{\"@type\":\"PropertyValueSpecification\",\"valueRequired\":true,\"valueName\":\"search_term_string\"}}],\"inLanguage\":\"en-US\"}]}<\/script>\n<!-- \/ Yoast SEO plugin. -->","yoast_head_json":{"title":"Domaine Reine Margot Paris Issy-MGallery Collection Hotel","description":"Notre h\u00f4tel 5 \u00e9toiles est un \u00e9crin de verdure \u00e0 Issy-les-Moulineaux. Savourez un calme insoup\u00e7onn\u00e9 aux portes de Paris dans cette luxueuse demeure.","robots":{"index":"index","follow":"follow","max-snippet":"max-snippet:-1","max-image-preview":"max-image-preview:large","max-video-preview":"max-video-preview:-1"},"canonical":"https:\/\/www.domainereinemargot.com\/en\/","og_locale":"en_US","og_type":"article","og_title":"Domaine Reine Margot Paris Issy-MGallery Collection Hotel","og_description":"Notre h\u00f4tel 5 \u00e9toiles est un \u00e9crin de verdure \u00e0 Issy-les-Moulineaux. Savourez un calme insoup\u00e7onn\u00e9 aux portes de Paris dans cette luxueuse demeure.","og_url":"https:\/\/www.domainereinemargot.com\/en\/","og_site_name":"Domaine de la Reine Margot MGallery","article_modified_time":"2026-04-08T07:54:19+00:00","og_image":[{"width":1207,"height":1812,"url":"https:\/\/www.domainereinemargot.com\/wp-content\/uploads\/sites\/14\/2023\/10\/RR_DJI_0374-e1704210275179.jpg","type":"image\/jpeg"}],"twitter_card":"summary_large_image","twitter_misc":{"Est. reading time":"1 minute"},"schema":{"@context":"https:\/\/schema.org","@graph":[{"@type":"WebPage","@id":"https:\/\/www.domainereinemargot.com\/en\/","url":"https:\/\/www.domainereinemargot.com\/en\/","name":"Domaine Reine Margot Paris Issy-MGallery Collection Hotel","isPartOf":{"@id":"https:\/\/www.domainereinemargot.com\/#website"},"primaryImageOfPage":{"@id":"https:\/\/www.domainereinemargot.com\/en\/#primaryimage"},"image":{"@id":"https:\/\/www.domainereinemargot.com\/en\/#primaryimage"},"thumbnailUrl":"https:\/\/www.domainereinemargot.com\/wp-content\/uploads\/sites\/14\/2023\/10\/RR_DJI_0374-e1704210275179.jpg","datePublished":"2022-04-21T13:29:26+00:00","dateModified":"2026-04-08T07:54:19+00:00","description":"Notre h\u00f4tel 5 \u00e9toiles est un \u00e9crin de verdure \u00e0 Issy-les-Moulineaux. Savourez un calme insoup\u00e7onn\u00e9 aux portes de Paris dans cette luxueuse demeure.","breadcrumb":{"@id":"https:\/\/www.domainereinemargot.com\/en\/#breadcrumb"},"inLanguage":"en-US","potentialAction":[{"@type":"ReadAction","target":["https:\/\/www.domainereinemargot.com\/en\/"]}]},{"@type":"ImageObject","inLanguage":"en-US","@id":"https:\/\/www.domainereinemargot.com\/en\/#primaryimage","url":"https:\/\/www.domainereinemargot.com\/wp-content\/uploads\/sites\/14\/2023\/10\/RR_DJI_0374-e1704210275179.jpg","contentUrl":"https:\/\/www.domainereinemargot.com\/wp-content\/uploads\/sites\/14\/2023\/10\/RR_DJI_0374-e1704210275179.jpg","width":1207,"height":1812},{"@type":"BreadcrumbList","@id":"https:\/\/www.domainereinemargot.com\/en\/#breadcrumb","itemListElement":[{"@type":"ListItem","position":1,"name":"Home","item":"https:\/\/www.domainereinemargot.com\/en\/"},{"@type":"ListItem","position":2,"name":"A haven of peace and tranquility"}]},{"@type":"WebSite","@id":"https:\/\/www.domainereinemargot.com\/#website","url":"https:\/\/www.domainereinemargot.com\/","name":"Domaine de la Reine Margot MGallery","description":"Just another D-Edge Accor V2 Sites Hosting site","potentialAction":[{"@type":"SearchAction","target":{"@type":"EntryPoint","urlTemplate":"https:\/\/www.domainereinemargot.com\/?s={search_term_string}"},"query-input":{"@type":"PropertyValueSpecification","valueRequired":true,"valueName":"search_term_string"}}],"inLanguage":"en-US"}]}},"_links":{"self":[{"href":"https:\/\/www.domainereinemargot.com\/en\/wp-json\/wp\/v2\/pages\/123","targetHints":{"allow":["GET"]}}],"collection":[{"href":"https:\/\/www.domainereinemargot.com\/en\/wp-json\/wp\/v2\/pages"}],"about":[{"href":"https:\/\/www.domainereinemargot.com\/en\/wp-json\/wp\/v2\/types\/page"}],"author":[{"embeddable":true,"href":"https:\/\/www.domainereinemargot.com\/en\/wp-json\/wp\/v2\/users\/30"}],"replies":[{"embeddable":true,"href":"https:\/\/www.domainereinemargot.com\/en\/wp-json\/wp\/v2\/comments?post=123"}],"version-history":[{"count":3,"href":"https:\/\/www.domainereinemargot.com\/en\/wp-json\/wp\/v2\/pages\/123\/revisions"}],"predecessor-version":[{"id":1969,"href":"https:\/\/www.domainereinemargot.com\/en\/wp-json\/wp\/v2\/pages\/123\/revisions\/1969"}],"wp:featuredmedia":[{"embeddable":true,"href":"https:\/\/www.domainereinemargot.com\/en\/wp-json\/wp\/v2\/media\/351"}],"wp:attachment":[{"href":"https:\/\/www.domainereinemargot.com\/en\/wp-json\/wp\/v2\/media?parent=123"}],"wp:term":[{"taxonomy":"category","embeddable":true,"href":"https:\/\/www.domainereinemargot.com\/en\/wp-json\/wp\/v2\/categories?post=123"}],"curies":[{"name":"wp","href":"https:\/\/api.w.org\/{rel}","templated":true}]}}